{"id":226,"date":"2016-02-14T19:15:41","date_gmt":"2016-02-14T18:15:41","guid":{"rendered":"http:\/\/www.kindergruppeamerlinghaus.at\/web\/?page_id=226"},"modified":"2023-01-07T17:02:48","modified_gmt":"2023-01-07T16:02:48","slug":"aemter","status":"publish","type":"page","link":"https:\/\/www.kindergruppeamerlinghaus.at\/web\/mitbestimmung\/aemter\/","title":{"rendered":"\u00c4mter"},"content":{"rendered":"<blockquote><p>Die \u00c4mterliste umfasst solche, die vereinsrechtlich vorgeschrieben sind, sowie solche, die die anfallende Arbeit in der Kindergruppe organisieren helfen.<\/p><\/blockquote>\n<p><strong>Vereinsvorstand<\/strong><\/p>\n<p>Leitung des Vereins, Vorbereitung und Einberufung der Generalversammlung, Information der Vereinsmitglieder \u00fcber die Vereinst\u00e4tigkeit, die Vereinsgebarung und den gepr\u00fcften Rechnungsabschluss, Verwaltung des Vereinsverm\u00f6gens, Aufnahme und Ausschluss von Vereinsmitgliedern, Aufnahme und K\u00fcndigung der Angestellten.<\/p>\n<ul>\n<li><strong>Obmann\/frau:\u00a0<\/strong>F\u00fchrung der Gesch\u00e4fte, Vertretung des Vereins nach au\u00dfen, Vorsitz in der Generalversammlung<\/li>\n<li><strong>Obmann\/frau<\/strong>&#8211;\u00a0<strong>Stellvertreter\/in:\u00a0<\/strong>Unterst\u00fctzung des\/der Obmann\/frau in allen seinen\/ihren Aufgaben<\/li>\n<li><strong>Kassier\/in<\/strong>: verantwortlich f\u00fcr die ordnungsgem\u00e4\u00dfe Geldgebarung des Vereins<\/li>\n<li><strong>Schriftf\u00fchrer\/in<\/strong>: Protokolle<\/li>\n<li><strong>2 Beir\u00e4te (Kassier\/in, Schriftf\u00fchrer\/in)<\/strong>: vertreten und unterst\u00fctzen den\/die Kassier\/in und Schriftf\u00fchrer\/in in obenstehenden Aufgaben<\/li>\n<li><strong>Rechnungspr\u00fcfer\/in:<\/strong>\u00a0laufende Gesch\u00e4ftskontrolle, Pr\u00fcfung der Finanzgebarung des Vereins<\/li>\n<\/ul>\n<p><strong>Weitere \u00c4mter<\/strong><\/p>\n<ul>\n<li>Suche nach neuen Kindern\/Eltern und Betreuung der neuen Eltern<\/li>\n<li>Organisation von Ersatzdiensten<\/li>\n<li>Koordination der Familienputzdienste<\/li>\n<li>Einkaufen<\/li>\n<li>Waschen<\/li>\n<li>Listen (monatliche Kochliste, Mitrbringlisten f\u00fcr Feste sowie Schl\u00fcssel-, Adress-, Funktionen-, und Geburtstagsliste)<\/li>\n<li>Kontakt zum Verein Grenzenlos und Betreuung der\/des internationalen Praktikant\/in<\/li>\n<li>Kontakt zum Dachverband und politische Themen<\/li>\n<li>Kontakt zum Amerlinghaus<\/li>\n<li>Reparaturen<\/li>\n<li>Kigru-Garten<\/li>\n<li>Webseite und Fotos<\/li>\n<li>Handy und Drucker<\/li>\n<li>Geschenke f\u00fcr die Betreuer\/innen<\/li>\n<li>Verbandskasten warten<\/li>\n<li>Feuerl\u00f6scher warten<\/li>\n<\/ul>\n","protected":false},"excerpt":{"rendered":"<p>Die \u00c4mterliste umfasst solche, die vereinsrechtlich vorgeschrieben sind, sowie solche, die die anfallende Arbeit in der Kindergruppe organisieren&#8230;<\/p>\n","protected":false},"author":1,"featured_media":347,"parent":210,"menu_order":2,"comment_status":"closed","ping_status":"closed","template":"","meta":{"footnotes":""},"class_list":["post-226","page","type-page","status-publish","has-post-thumbnail","hentry"],"_links":{"self":[{"href":"https:\/\/www.kindergruppeamerlinghaus.at\/web\/wp-json\/wp\/v2\/pages\/226","targetHints":{"allow":["GET"]}}],"collection":[{"href":"https:\/\/www.kindergruppeamerlinghaus.at\/web\/wp-json\/wp\/v2\/pages"}],"about":[{"href":"https:\/\/www.kindergruppeamerlinghaus.at\/web\/wp-json\/wp\/v2\/types\/page"}],"author":[{"embeddable":true,"href":"https:\/\/www.kindergruppeamerlinghaus.at\/web\/wp-json\/wp\/v2\/users\/1"}],"replies":[{"embeddable":true,"href":"https:\/\/www.kindergruppeamerlinghaus.at\/web\/wp-json\/wp\/v2\/comments?post=226"}],"version-history":[{"count":5,"href":"https:\/\/www.kindergruppeamerlinghaus.at\/web\/wp-json\/wp\/v2\/pages\/226\/revisions"}],"predecessor-version":[{"id":990,"href":"https:\/\/www.kindergruppeamerlinghaus.at\/web\/wp-json\/wp\/v2\/pages\/226\/revisions\/990"}],"up":[{"embeddable":true,"href":"https:\/\/www.kindergruppeamerlinghaus.at\/web\/wp-json\/wp\/v2\/pages\/210"}],"wp:featuredmedia":[{"embeddable":true,"href":"https:\/\/www.kindergruppeamerlinghaus.at\/web\/wp-json\/wp\/v2\/media\/347"}],"wp:attachment":[{"href":"https:\/\/www.kindergruppeamerlinghaus.at\/web\/wp-json\/wp\/v2\/media?parent=226"}],"curies":[{"name":"wp","href":"https:\/\/api.w.org\/{rel}","templated":true}]}}