{"id":221,"date":"2016-02-14T18:57:10","date_gmt":"2016-02-14T17:57:10","guid":{"rendered":"http:\/\/www.kindergruppeamerlinghaus.at\/web\/?page_id=221"},"modified":"2023-01-07T16:51:05","modified_gmt":"2023-01-07T15:51:05","slug":"mitarbeit","status":"publish","type":"page","link":"https:\/\/www.kindergruppeamerlinghaus.at\/web\/mitbestimmung\/mitarbeit\/","title":{"rendered":"Mitarbeit"},"content":{"rendered":"<blockquote><p>Die Arbeiten und Aufgaben, die von den Eltern f\u00fcr die Kindergruppe erledigt werden (Vereinsvorstand, Verwaltung der Finanzen, Instandhaltung der Kindergruppe, etc.), werden zu Beginn des Kindergruppenjahres aufgeteilt.<\/p><\/blockquote>\n<p><strong>Kochdienste<\/strong><\/p>\n<p>Das Kochen wird auf alle Eltern gleichm\u00e4\u00dfig aufgeteilt, mit Ausnahme des Kassiers\/der Kassierin und des Obmanns\/der Obfrau, die nur die H\u00e4lfte an Kochdiensten zu leisten haben.<\/p>\n<p>Eltern, die zwei Kinder gleichzeitig in der Kindergruppe haben, m\u00fcssen f\u00fcr das zweite Kind nur die H\u00e4lfte der Kochdienste leisten (z. B. also nur insgesamt 3 statt 4 im Monat).<\/p>\n<p><strong>Putzdienste<\/strong><\/p>\n<p>Zu jedem Kochdienst gibt es einen Putzdienst. Im Juli und August \u00fcbernehmen die Eltern der Kinder, die noch in der Kindergruppe sind, die anfallenden Kochdienste, allerdings nicht die Putzdienste.<\/p>\n<p>Einmal im Monat gibt es zus\u00e4tzlich einen Elternputzdienst, bei dem einige Bereiche genauer geputzt werden sollen (das Reinigungskonzept bzw. die Liste der Dinge, die zu tun sind, h\u00e4ngt im Vorraum). Jede Familie kommt einmal pro Jahr an die Reihe.<\/p>\n<p><strong>Betreuungsdienste<\/strong><\/p>\n<p>Regelm\u00e4\u00dfige Elterndienste sind in der Kindergruppe Amerlinghaus nicht vorgesehen. Falls ein\/e Betreuer\/in erkrankt, werden Eltern, die Zeit haben, zur Betreuung herangezogen. Im Notfall wird auf Springer\/innen vom Tr\u00e4gerverein zur\u00fcckgegriffen.<\/p>\n<p>Ausfl\u00fcge finden nur mit zwei Betreuer\/innen statt. Ausnahme: Kigru-Park, Spittelbergpark (ein\/e Betreuer\/in alleine) und Wege, bei denen nur ein Verkehrsmittel ben\u00fctzt wird, wie z. B. zum Dehne Park (ein\/e Betreuer\/in mit Freiwilliger oder Elternteil).<\/p>\n","protected":false},"excerpt":{"rendered":"<p>Die Arbeiten und Aufgaben, die von den Eltern f\u00fcr die Kindergruppe erledigt werden (Vereinsvorstand, Verwaltung der Finanzen, Instandhaltung&#8230;<\/p>\n","protected":false},"author":1,"featured_media":346,"parent":210,"menu_order":1,"comment_status":"closed","ping_status":"closed","template":"","meta":{"footnotes":""},"class_list":["post-221","page","type-page","status-publish","has-post-thumbnail","hentry"],"_links":{"self":[{"href":"https:\/\/www.kindergruppeamerlinghaus.at\/web\/wp-json\/wp\/v2\/pages\/221","targetHints":{"allow":["GET"]}}],"collection":[{"href":"https:\/\/www.kindergruppeamerlinghaus.at\/web\/wp-json\/wp\/v2\/pages"}],"about":[{"href":"https:\/\/www.kindergruppeamerlinghaus.at\/web\/wp-json\/wp\/v2\/types\/page"}],"author":[{"embeddable":true,"href":"https:\/\/www.kindergruppeamerlinghaus.at\/web\/wp-json\/wp\/v2\/users\/1"}],"replies":[{"embeddable":true,"href":"https:\/\/www.kindergruppeamerlinghaus.at\/web\/wp-json\/wp\/v2\/comments?post=221"}],"version-history":[{"count":6,"href":"https:\/\/www.kindergruppeamerlinghaus.at\/web\/wp-json\/wp\/v2\/pages\/221\/revisions"}],"predecessor-version":[{"id":987,"href":"https:\/\/www.kindergruppeamerlinghaus.at\/web\/wp-json\/wp\/v2\/pages\/221\/revisions\/987"}],"up":[{"embeddable":true,"href":"https:\/\/www.kindergruppeamerlinghaus.at\/web\/wp-json\/wp\/v2\/pages\/210"}],"wp:featuredmedia":[{"embeddable":true,"href":"https:\/\/www.kindergruppeamerlinghaus.at\/web\/wp-json\/wp\/v2\/media\/346"}],"wp:attachment":[{"href":"https:\/\/www.kindergruppeamerlinghaus.at\/web\/wp-json\/wp\/v2\/media?parent=221"}],"curies":[{"name":"wp","href":"https:\/\/api.w.org\/{rel}","templated":true}]}}