{"id":176,"date":"2016-02-14T14:26:24","date_gmt":"2016-02-14T13:26:24","guid":{"rendered":"http:\/\/www.kindergruppeamerlinghaus.at\/web\/?page_id=176"},"modified":"2023-01-07T16:17:27","modified_gmt":"2023-01-07T15:17:27","slug":"tagesablauf","status":"publish","type":"page","link":"https:\/\/www.kindergruppeamerlinghaus.at\/web\/organisatorisches\/tagesablauf\/","title":{"rendered":"Tagesablauf"},"content":{"rendered":"<p><strong>Morgen<\/strong><\/p>\n<p>Die Kinder kommen an. Sie suchen sich Spielpartner\/innen und Besch\u00e4ftigung. Es gibt Angebote, wie kleine Basteleien, Spiele, etc. Das Fr\u00fchst\u00fcck wird hergerichtet und bereit gestellt. Die Kinder folgen ihren Bed\u00fcrfnissen und Impulsen. Freies Spielen.<\/p>\n<p><strong>Vormittag<\/strong><\/p>\n<p>Die BetreuerInnen haben Programmpunkte vorbereitet, die entweder der ganzen Gruppe (im Morgenkreis) oder den interessierten Kindern angeboten werden, z. B.:<\/p>\n<ul>\n<li>Musik, Singen<\/li>\n<li>Geschichten<\/li>\n<li>Kreatives, wie malen, basteln, werken<\/li>\n<li>Arbeit mit Montessori-Material<\/li>\n<li>Themenorientierte Angebote (Ostern, Fasching&#8230;)<\/li>\n<li>Ausfl\u00fcge, wie Theater, Eislaufen&#8230;<\/li>\n<li>Turnen, Rhythmik<\/li>\n<li>Spielerische und sinnliche Angebote<\/li>\n<\/ul>\n<p><strong>Mittag<\/strong><\/p>\n<p>Das Mittagessen ist ein gemeinsames t\u00e4gliches Ritual, das ebenso Fixpunkt wie Z\u00e4sur von Vor- und Nachmittag darstellt. Nach dem Mittagessen gibt es eine Ruhezeit, w\u00e4hrend der die Kinder sich erholen k\u00f6nnen.<\/p>\n<p><strong>Nachmittag<\/strong><\/p>\n<p>Der Nachmittag steht meistens im Zeichen von freiem Spiel, sich bewegen und \u201efrische Luft schnappen\u201c. Einige Kinder werden schon abgeholt. Es darf auch \u201enichts\u201c getan werden. Die Gruppe wird immer kleiner, nach und nach werden die Kinder abgeholt. Eine Nachmittagsjause wird eingenommen&#8230;<\/p>\n<p><strong>Fixe Aktivit\u00e4ten im Wochenlauf<\/strong><\/p>\n<ul>\n<li><strong>Montag:<\/strong> Spielzeugtag und Turnen. <strong>Mehr dazu <span style=\"color: #ff0000;\"><a style=\"color: #ff0000;\" href=\"http:\/\/www.kindergruppeamerlinghaus.at\/web\/motopaedagogisches-turnen\/\">hier<\/a><\/span><\/strong><\/li>\n<li><strong>Dienstag:<\/strong> Rhythmik<\/li>\n<li><strong>Donnerstag:<\/strong> Ausflugstag<\/li>\n<\/ul>\n<p>Die Kinder sollten sp\u00e4testens bis 10 Uhr in der Kindergruppe sein (Morgenkreis!).<\/p>\n<p>Mit dem Mittagessen fertig und somit abholbereit sind sie ab 14 Uhr, an Ausflugstagen ab 15 Uhr. Am Montag erfolgt die Abholung direkt aus dem Turnsaal der Volksschule in der Stiftgasse 35.<\/p>\n","protected":false},"excerpt":{"rendered":"<p>Morgen Die Kinder kommen an. Sie suchen sich Spielpartner\/innen und Besch\u00e4ftigung. Es gibt Angebote, wie kleine Basteleien, Spiele,&#8230;<\/p>\n","protected":false},"author":1,"featured_media":336,"parent":24,"menu_order":2,"comment_status":"closed","ping_status":"closed","template":"","meta":{"footnotes":""},"class_list":["post-176","page","type-page","status-publish","has-post-thumbnail","hentry"],"_links":{"self":[{"href":"https:\/\/www.kindergruppeamerlinghaus.at\/web\/wp-json\/wp\/v2\/pages\/176","targetHints":{"allow":["GET"]}}],"collection":[{"href":"https:\/\/www.kindergruppeamerlinghaus.at\/web\/wp-json\/wp\/v2\/pages"}],"about":[{"href":"https:\/\/www.kindergruppeamerlinghaus.at\/web\/wp-json\/wp\/v2\/types\/page"}],"author":[{"embeddable":true,"href":"https:\/\/www.kindergruppeamerlinghaus.at\/web\/wp-json\/wp\/v2\/users\/1"}],"replies":[{"embeddable":true,"href":"https:\/\/www.kindergruppeamerlinghaus.at\/web\/wp-json\/wp\/v2\/comments?post=176"}],"version-history":[{"count":6,"href":"https:\/\/www.kindergruppeamerlinghaus.at\/web\/wp-json\/wp\/v2\/pages\/176\/revisions"}],"predecessor-version":[{"id":975,"href":"https:\/\/www.kindergruppeamerlinghaus.at\/web\/wp-json\/wp\/v2\/pages\/176\/revisions\/975"}],"up":[{"embeddable":true,"href":"https:\/\/www.kindergruppeamerlinghaus.at\/web\/wp-json\/wp\/v2\/pages\/24"}],"wp:featuredmedia":[{"embeddable":true,"href":"https:\/\/www.kindergruppeamerlinghaus.at\/web\/wp-json\/wp\/v2\/media\/336"}],"wp:attachment":[{"href":"https:\/\/www.kindergruppeamerlinghaus.at\/web\/wp-json\/wp\/v2\/media?parent=176"}],"curies":[{"name":"wp","href":"https:\/\/api.w.org\/{rel}","templated":true}]}}